{"id":1174,"date":"2019-06-19T01:02:05","date_gmt":"2019-06-18T23:02:05","guid":{"rendered":"https:\/\/bundibus.com\/politica-privacidad\/"},"modified":"2021-10-12T22:06:46","modified_gmt":"2021-10-12T20:06:46","slug":"privacy-and-cookies-policy","status":"publish","type":"page","link":"https:\/\/bundibus.com\/en\/privacy-and-cookies-policy\/","title":{"rendered":"Privacy and cookies policy"},"content":{"rendered":"\t\t<div data-elementor-type=\"wp-page\" data-elementor-id=\"1174\" class=\"elementor elementor-1174 elementor-3\" data-elementor-settings=\"[]\">\n\t\t\t\t\t\t\t<div class=\"elementor-section-wrap\">\n\t\t\t\t\t\t\t<section class=\"elementor-section elementor-top-section elementor-element elementor-element-7ec6c48 elementor-section-boxed elementor-section-height-default elementor-section-height-default\" data-id=\"7ec6c48\" data-element_type=\"section\">\n\t\t\t\t\t\t<div class=\"elementor-container elementor-column-gap-default\">\n\t\t\t\t\t<div class=\"elementor-column elementor-col-100 elementor-top-column elementor-element elementor-element-c11861e\" data-id=\"c11861e\" data-element_type=\"column\">\n\t\t\t<div class=\"elementor-widget-wrap elementor-element-populated\">\n\t\t\t\t\t\t\t\t<div class=\"elementor-element elementor-element-3511b5a elementor-widget elementor-widget-heading\" data-id=\"3511b5a\" data-element_type=\"widget\" data-widget_type=\"heading.default\">\n\t\t\t\t<div class=\"elementor-widget-container\">\n\t\t\t<h1 class=\"elementor-heading-title elementor-size-default\">LSSI Aviso legal <span style=\"color:#30C0A2;font-weight:700\">y privacidad<\/span><\/h1>\t\t<\/div>\n\t\t\t\t<\/div>\n\t\t\t\t\t<\/div>\n\t\t<\/div>\n\t\t\t\t\t\t\t<\/div>\n\t\t<\/section>\n\t\t\t\t<section class=\"elementor-section elementor-top-section elementor-element elementor-element-60bd5359 elementor-section-boxed elementor-section-height-default elementor-section-height-default\" data-id=\"60bd5359\" data-element_type=\"section\">\n\t\t\t\t\t\t<div class=\"elementor-container elementor-column-gap-default\">\n\t\t\t\t\t<div class=\"elementor-column elementor-col-100 elementor-top-column elementor-element elementor-element-142f58a1\" data-id=\"142f58a1\" data-element_type=\"column\">\n\t\t\t<div class=\"elementor-widget-wrap elementor-element-populated\">\n\t\t\t\t\t\t\t\t<div class=\"elementor-element elementor-element-1cda90f elementor-widget elementor-widget-heading\" data-id=\"1cda90f\" data-element_type=\"widget\" data-widget_type=\"heading.default\">\n\t\t\t\t<div class=\"elementor-widget-container\">\n\t\t\t<h2 class=\"elementor-heading-title elementor-size-default\">1. Pol\u00edtica de Privacidad y Seguridad<\/h2>\t\t<\/div>\n\t\t\t\t<\/div>\n\t\t\t\t<div class=\"elementor-element elementor-element-3e5bee9 elementor-widget elementor-widget-text-editor\" data-id=\"3e5bee9\" data-element_type=\"widget\" data-widget_type=\"text-editor.default\">\n\t\t\t\t<div class=\"elementor-widget-container\">\n\t\t\t\t\t\t\t<p>La siguiente informaci\u00f3n sobre nuestra Pol\u00edtica de Privacidad refleja el compromiso de BUNDIBUS\u2122 por mantener y garantizar relaciones comerciales seguras mediante la protecci\u00f3n de los datos personales, garantizando el derecho a la privacidad de cada uno de los usuarios de nuestros servicios.<\/p>\n\t\t\t\t\t\t<\/div>\n\t\t\t\t<\/div>\n\t\t\t\t<div class=\"elementor-element elementor-element-3c2f6cf elementor-widget elementor-widget-heading\" data-id=\"3c2f6cf\" data-element_type=\"widget\" data-widget_type=\"heading.default\">\n\t\t\t\t<div class=\"elementor-widget-container\">\n\t\t\t<h2 class=\"elementor-heading-title elementor-size-default\">2. Responsable de tratamiento<\/h2>\t\t<\/div>\n\t\t\t\t<\/div>\n\t\t\t\t<div class=\"elementor-element elementor-element-ecb1b9f elementor-widget elementor-widget-text-editor\" data-id=\"ecb1b9f\" data-element_type=\"widget\" data-widget_type=\"text-editor.default\">\n\t\t\t\t<div class=\"elementor-widget-container\">\n\t\t\t\t\t\t\t<p>PAMEL C&amp;S ALICANTE 1997 (BundiBus\u2122) con CIF B-53610648 y domicilio a estos efectos en Calle \u00c1ngel Lozano 11 1\u00aa, 03001 Alicante, tel\u00e9fono 691821548 y correo electr\u00f3nico dpd@bundibus.com.\u00a0 \u00a0<\/p>\n\t\t\t\t\t\t<\/div>\n\t\t\t\t<\/div>\n\t\t\t\t<div class=\"elementor-element elementor-element-78e6ce3 elementor-widget elementor-widget-heading\" data-id=\"78e6ce3\" data-element_type=\"widget\" data-widget_type=\"heading.default\">\n\t\t\t\t<div class=\"elementor-widget-container\">\n\t\t\t<h2 class=\"elementor-heading-title elementor-size-default\">3. Definici\u00f3n de dato personal<\/h2>\t\t<\/div>\n\t\t\t\t<\/div>\n\t\t\t\t<div class=\"elementor-element elementor-element-cb5f022 elementor-widget elementor-widget-text-editor\" data-id=\"cb5f022\" data-element_type=\"widget\" data-widget_type=\"text-editor.default\">\n\t\t\t\t<div class=\"elementor-widget-container\">\n\t\t\t\t\t\t\t<p>Como \u201cDato Personal\u201d debemos entender cualquier informaci\u00f3n concerniente a una persona f\u00edsica identificada o identificable. Entre otros, se incluyen el nombre, apellidos, la direcci\u00f3n postal y electr\u00f3nica, as\u00ed como el n\u00famero de tel\u00e9fono.<\/p>\n\t\t\t\t\t\t<\/div>\n\t\t\t\t<\/div>\n\t\t\t\t<div class=\"elementor-element elementor-element-5c0d656 elementor-widget elementor-widget-heading\" data-id=\"5c0d656\" data-element_type=\"widget\" data-widget_type=\"heading.default\">\n\t\t\t\t<div class=\"elementor-widget-container\">\n\t\t\t<h2 class=\"elementor-heading-title elementor-size-default\">4. Tratamientos y finalidades de los datos recogidos<\/h2>\t\t<\/div>\n\t\t\t\t<\/div>\n\t\t\t\t<div class=\"elementor-element elementor-element-6320d98 elementor-widget elementor-widget-text-editor\" data-id=\"6320d98\" data-element_type=\"widget\" data-widget_type=\"text-editor.default\">\n\t\t\t\t<div class=\"elementor-widget-container\">\n\t\t\t\t\t\t\t<p>Cualquier dato personal que nos facilite al visitar nuestro portal web, ser\u00e1 tratado de conformidad con las normas de protecci\u00f3n de datos y s\u00f3lo ser\u00e1n recogidos, tratados y utilizados para fines de redacci\u00f3n de posibles proyectos, presupuestos y en su caso para la formalizaci\u00f3n de contratos y su correspondiente facturaci\u00f3n.<\/p>\n\t\t\t\t\t\t<\/div>\n\t\t\t\t<\/div>\n\t\t\t\t<div class=\"elementor-element elementor-element-f7f1740 elementor-widget elementor-widget-heading\" data-id=\"f7f1740\" data-element_type=\"widget\" data-widget_type=\"heading.default\">\n\t\t\t\t<div class=\"elementor-widget-container\">\n\t\t\t<h2 class=\"elementor-heading-title elementor-size-default\">5. Legitimaci\u00f3n para el tratamiento de sus datos<\/h2>\t\t<\/div>\n\t\t\t\t<\/div>\n\t\t\t\t<div class=\"elementor-element elementor-element-ac6fb2a elementor-widget elementor-widget-text-editor\" data-id=\"ac6fb2a\" data-element_type=\"widget\" data-widget_type=\"text-editor.default\">\n\t\t\t\t<div class=\"elementor-widget-container\">\n\t\t\t\t\t\t\t<p>La base legal para el tratamiento de sus datos es el env\u00edo de cualquier solicitud de informaci\u00f3n remitida a nuestro correo electr\u00f3nico o a nuestro formulario de contacto.<\/p>\n<p>Con relaci\u00f3n al formulario de contacto, informarles que, si bien requiere datos para dirigirnos a ustedes, con la mera solicitud de informaci\u00f3n por este medio, no los incorporamos a tratamiento en nuestra base de datos, hasta que no se ratifican y se establece una interrelaci\u00f3n con el interesado.<\/p>\n\t\t\t\t\t\t<\/div>\n\t\t\t\t<\/div>\n\t\t\t\t<div class=\"elementor-element elementor-element-7633b12 elementor-widget elementor-widget-heading\" data-id=\"7633b12\" data-element_type=\"widget\" data-widget_type=\"heading.default\">\n\t\t\t\t<div class=\"elementor-widget-container\">\n\t\t\t<h2 class=\"elementor-heading-title elementor-size-default\">6. Plazo de conservaci\u00f3n de los datos<\/h2>\t\t<\/div>\n\t\t\t\t<\/div>\n\t\t\t\t<div class=\"elementor-element elementor-element-6f79b03 elementor-widget elementor-widget-text-editor\" data-id=\"6f79b03\" data-element_type=\"widget\" data-widget_type=\"text-editor.default\">\n\t\t\t\t<div class=\"elementor-widget-container\">\n\t\t\t\t\t\t\t<p>Los datos ser\u00e1n conservados el tiempo necesario para dar respuesta a las consultas o para la gesti\u00f3n integral del registro hasta que cada titular de los mismos manifieste su voluntad de que cese su tratamiento o para cumplir con el plazo legal previsto para el cumplimiento de determinadas obligaciones legales, por ejemplo, las fiscales.<\/p>\n\t\t\t\t\t\t<\/div>\n\t\t\t\t<\/div>\n\t\t\t\t<div class=\"elementor-element elementor-element-3b80fff elementor-widget elementor-widget-heading\" data-id=\"3b80fff\" data-element_type=\"widget\" data-widget_type=\"heading.default\">\n\t\t\t\t<div class=\"elementor-widget-container\">\n\t\t\t<h2 class=\"elementor-heading-title elementor-size-default\">7. Comunicaci\u00f3n de sus datos personales a terceros<\/h2>\t\t<\/div>\n\t\t\t\t<\/div>\n\t\t\t\t<div class=\"elementor-element elementor-element-42c289e elementor-widget elementor-widget-text-editor\" data-id=\"42c289e\" data-element_type=\"widget\" data-widget_type=\"text-editor.default\">\n\t\t\t\t<div class=\"elementor-widget-container\">\n\t\t\t\t\t\t\t<p>Por el mero hecho de realizar una consulta a trav\u00e9s de nuestros formularios sus datos personales NO ser\u00e1n cedidos ni comunicados a ning\u00fan tercero.\u00a0<\/p>\n\t\t\t\t\t\t<\/div>\n\t\t\t\t<\/div>\n\t\t\t\t<div class=\"elementor-element elementor-element-2703c09 elementor-widget elementor-widget-heading\" data-id=\"2703c09\" data-element_type=\"widget\" data-widget_type=\"heading.default\">\n\t\t\t\t<div class=\"elementor-widget-container\">\n\t\t\t<h2 class=\"elementor-heading-title elementor-size-default\">8. Seguridad de sus datos personales<\/h2>\t\t<\/div>\n\t\t\t\t<\/div>\n\t\t\t\t<div class=\"elementor-element elementor-element-5a5a66a elementor-widget elementor-widget-text-editor\" data-id=\"5a5a66a\" data-element_type=\"widget\" data-widget_type=\"text-editor.default\">\n\t\t\t\t<div class=\"elementor-widget-container\">\n\t\t\t\t\t\t\t<p>Si sus datos son almacenados en nuestros sistemas, les informamos que hemos adoptado e implantado medidas de seguridad, t\u00e9cnicas y organizativas, para prevenir cualquier p\u00e9rdida o uso no autorizado por terceros.\u00a0<\/p>\n\t\t\t\t\t\t<\/div>\n\t\t\t\t<\/div>\n\t\t\t\t<div class=\"elementor-element elementor-element-6362557 elementor-widget elementor-widget-heading\" data-id=\"6362557\" data-element_type=\"widget\" id=\"cookies\" data-widget_type=\"heading.default\">\n\t\t\t\t<div class=\"elementor-widget-container\">\n\t\t\t<h2 class=\"elementor-heading-title elementor-size-default\">9. Pol\u00edtica de cookies<\/h2>\t\t<\/div>\n\t\t\t\t<\/div>\n\t\t\t\t<div class=\"elementor-element elementor-element-410c79e elementor-widget elementor-widget-text-editor\" data-id=\"410c79e\" data-element_type=\"widget\" data-widget_type=\"text-editor.default\">\n\t\t\t\t<div class=\"elementor-widget-container\">\n\t\t\t\t\t\t\t<p><strong>Nuestra web s\u00f3lo utiliza cookies de funcionamiento, no cediendo ning\u00fan dato a terceros, ni creando ning\u00fan tipo de perfil de usuario<\/strong>.<\/p>\n<p>Una \u00abCookie\u00bb es un peque\u00f1o archivo que se almacena al ordenador del usuario y nos permite reconocerlo. El conjunto de \u00abcookies\u00bb nos ayuda a mejorar la calidad de nuestra web, permiti\u00e9ndonos controlar qu\u00e9 p\u00e1ginas encuentran nuestros usuarios \u00fatiles y qu\u00e9 no. Las cookies son esenciales para el funcionamiento de internet, aportando innumerables ventajas en la prestaci\u00f3n de servicios interactivos, facilit\u00e1ndole la navegaci\u00f3n y usabilidad de nuestra web. Tenga en cuenta que las cookies no pueden da\u00f1ar su equipo y que, en cambio, el que est\u00e9n activadas nos ayudan a identificar y resolver los errores.<\/p>\n<p>La informaci\u00f3n que le proporcionamos a continuaci\u00f3n, le ayudar\u00e1 a comprender los diferentes tipos de cookies:<\/p>\n<p><em><u>Cookies de sesi\u00f3n<\/u><\/em>: son cookies temporales que permanecen al archivo de cookies de su navegador hasta que abandone la p\u00e1gina web, por lo cual ninguno queda registrado en el disco llevar del usuario. La informaci\u00f3n obtenida por medio de estas cookies, sirven para analizar pautas de tr\u00e1fico de la web. A la larga, esto nos permite proporcionar una mejor experiencia para mejorar el contenido y facilitando su uso<\/p>\n<p>Cookies permanentes:\u00a0son almacenadas en el disco duro y nuestra web las lee cada vez que usted realiza una nueva visita. Una cookie permanente posee una fecha de expiraci\u00f3n determinada. La cookie dejar\u00e1 de funcionar despu\u00e9s de esta fecha. Las utilizamos generalmente, para facilitar los servicios de compra y registro.<\/p>\n<p><em><u>Cookies polivalentes<\/u><\/em>: Una cookie puede utilizarse para varias finalidades, por lo cual \u00fanicamente podr\u00e1 estar exento del requisito de consentimiento si todas y cada una de las finalidades por las cuales se utilice est\u00e1n individualmente exentas del requisito de consentimiento.<\/p>\n<p>En nuestro caso utilizamos las siguientes cookies:<\/p>\n<figure class=\"wp-block-table is-style-regular\">\n<table>\n<tbody>\n<tr>\n<td>PHPSESSID<\/td>\n<td>Sesi\u00f3n<\/td>\n<td><em><u>Esta cookie es usada por el lenguaje de encriptado PHP para permitir que las variables de SESI\u00d3N sean guardadas en el servidor web. Esta cookie es esencial para el funcionamiento de la web.<\/u><\/em><u><\/u><\/td>\n<\/tr>\n<tr>\n<td>WordPress-XX<\/td>\n<td>20 d\u00edas<\/td>\n<td>Sesi\u00f3n de WordPress para uso de configuraciones de cliente.<\/td>\n<\/tr>\n<\/tbody>\n<\/table>\n<\/figure>\n<p><em><u>El usuario tiene la opci\u00f3n de impedir la generaci\u00f3n de \u201ccookies\u201d, mediante la selecci\u00f3n de la correspondiente opci\u00f3n a su software \u201cnavegador\u201d. Sin embargo, BundiBus, no se responsabiliza que la desactivaci\u00f3n de las mismas impida el buen funcionamiento de la p\u00e1gina web<\/u><\/em>.<\/p>\n<p>Ejemplos de configuraci\u00f3n de las cookies en diferentes navegadores:<\/p>\n<p><strong>Google Chrome<\/strong>\u00a0<a href=\"http:\/\/support.google.com\/chrome\/bin\/answer.py?hl=es&amp;answer=95647\">http:\/\/support.google.com\/chrome\/bin\/answer.py?hl=es&amp;answer=95647<\/a>\u00a0\u00a0<\/p>\n<p><strong>Windows Explore<\/strong>r\u00a0<a href=\"http:\/\/windows.microsoft.com\/es-es\/windows7\/how-to-manage-cookies-in-internetexplorer-9\">http:\/\/windows.microsoft.com\/es-es\/windows7\/how-to-manage-cookies-in-internetexplorer-9<\/a><\/p>\n<p><strong>Firefox<\/strong>\u00a0<a href=\"http:\/\/support.mozilla.org\/es\/kb\/habilitar-y-deshabilitar-cookies-que-los-sitios-we\">http:\/\/support.mozilla.org\/es\/kb\/habilitar-y-deshabilitar-cookies-que-los-sitios-we<\/a><\/p>\n<p><strong>Apple Safari<\/strong>\u00a0<a href=\"http:\/\/support.apple.com\/kb\/ph5042\">http:\/\/support.apple.com\/kb\/ph5042<\/a><\/p>\n<p>En cuanto a sus definiciones nos encontramos:<\/p>\n<p>COOKIES PROPIAS<\/p>\n<p>Son aqu\u00e9llas que se env\u00edan al equipo terminal del usuario desde un equipo o dominio gestionado por el propio editor y desde el que se presta el servicio solicitado por el usuario.\u00a0<\/p>\n<p>COOKIES DE SESI\u00d3N<\/p>\n<p>Se recaban datos mientras se permanece en la red.<\/p>\n<p>COOKIES PERSISTENTES<\/p>\n<p>Procedentes de la web y de lo que sigas haciendo despu\u00e9s. Pueden durar un minuto o a\u00f1os, aunque la ley las limita a 30 d\u00edas.<\/p>\n<p>Una vez le\u00edda toda la informaci\u00f3n facilitada, avisamos al usuario que, si prosigue su navegaci\u00f3n por nuestro sitio web, sin haber tomado las medidas oportunas de personalizaci\u00f3n de sus navegadores, para impedir la instalaci\u00f3n de las cookies empleadas por el mismo, en los t\u00e9rminos incluidos en el art\u00edculo 22.2 de la Ley 34\/2002 de Servicios de la Sociedad de la Informaci\u00f3n y Comercio Electr\u00f3nico, seg\u00fan la redacci\u00f3n del mismo dada por el RD 13\/2012 de 30 de marzo, por el cual se trasponen directivas en materia de mercados interiores de electricidad y gas y en materia de comunicaciones electr\u00f3nicas estar\u00e1 prestando su consentimiento para la utilizaci\u00f3n de los referidos mecanismos.<\/p>\n\t\t\t\t\t\t<\/div>\n\t\t\t\t<\/div>\n\t\t\t\t<div class=\"elementor-element elementor-element-2575d67 elementor-widget elementor-widget-heading\" data-id=\"2575d67\" data-element_type=\"widget\" data-widget_type=\"heading.default\">\n\t\t\t\t<div class=\"elementor-widget-container\">\n\t\t\t<h2 class=\"elementor-heading-title elementor-size-default\">10. Derechos de los usuarios<\/h2>\t\t<\/div>\n\t\t\t\t<\/div>\n\t\t\t\t<div class=\"elementor-element elementor-element-3dc9209 elementor-widget elementor-widget-text-editor\" data-id=\"3dc9209\" data-element_type=\"widget\" data-widget_type=\"text-editor.default\">\n\t\t\t\t<div class=\"elementor-widget-container\">\n\t\t\t\t\t\t\t<p>Todos los usuarios pueden ejercitar cualquier de los derechos otorgados por la normativa de protecci\u00f3n de datos, como el derecho de\u00a0<strong>acceso<\/strong>,\u00a0<strong>limitaci\u00f3n del tratamiento, supresi\u00f3n, portabilidad<\/strong>,\u00a0<strong>derecho de oposici\u00f3n\/ decisiones individuales automatizadas<\/strong>etc. mediante comunicado por correo electr\u00f3nico a\u00a0<a>dpd@bundibus.com<\/a>.<\/p>\n\t\t\t\t\t\t<\/div>\n\t\t\t\t<\/div>\n\t\t\t\t\t<\/div>\n\t\t<\/div>\n\t\t\t\t\t\t\t<\/div>\n\t\t<\/section>\n\t\t\t\t\t\t<\/div>\n\t\t\t\t\t<\/div>\n\t\t","protected":false},"excerpt":{"rendered":"<p>LSSI Aviso legal y privacidad 1. Pol\u00edtica de Privacidad y Seguridad La siguiente informaci\u00f3n sobre nuestra Pol\u00edtica de Privacidad refleja el compromiso de BUNDIBUS\u2122 por mantener y garantizar relaciones comerciales seguras mediante la protecci\u00f3n de los datos personales, garantizando el derecho a la privacidad de cada uno de los usuarios de nuestros servicios. 2. Responsable [&hellip;]<\/p>\n","protected":false},"author":1,"featured_media":0,"parent":0,"menu_order":0,"comment_status":"closed","ping_status":"closed","template":"","meta":[],"yoast_head":"<!-- This site is optimized with the Yoast SEO plugin v17.7.1 - https:\/\/yoast.com\/wordpress\/plugins\/seo\/ -->\n<title>Privacy and cookies policy - BundiBUS<\/title>\n<meta name=\"robots\" content=\"index, follow, max-snippet:-1, max-image-preview:large, max-video-preview:-1\" \/>\n<link rel=\"canonical\" href=\"https:\/\/bundibus.com\/en\/privacy-and-cookies-policy\/\" \/>\n<meta property=\"og:locale\" content=\"en_US\" \/>\n<meta property=\"og:type\" content=\"article\" \/>\n<meta property=\"og:title\" content=\"Privacy and cookies policy - BundiBUS\" \/>\n<meta property=\"og:description\" content=\"LSSI Aviso legal y privacidad 1. Pol\u00edtica de Privacidad y Seguridad La siguiente informaci\u00f3n sobre nuestra Pol\u00edtica de Privacidad refleja el compromiso de BUNDIBUS\u2122 por mantener y garantizar relaciones comerciales seguras mediante la protecci\u00f3n de los datos personales, garantizando el derecho a la privacidad de cada uno de los usuarios de nuestros servicios. 2. Responsable [&hellip;]\" \/>\n<meta property=\"og:url\" content=\"https:\/\/bundibus.com\/en\/privacy-and-cookies-policy\/\" \/>\n<meta property=\"og:site_name\" content=\"BundiBUS\" \/>\n<meta property=\"article:modified_time\" content=\"2021-10-12T20:06:46+00:00\" \/>\n<meta name=\"twitter:card\" content=\"summary_large_image\" \/>\n<meta name=\"twitter:label1\" content=\"Est. reading time\" \/>\n\t<meta name=\"twitter:data1\" content=\"5 minutes\" \/>\n<script type=\"application\/ld+json\" class=\"yoast-schema-graph\">{\"@context\":\"https:\/\/schema.org\",\"@graph\":[{\"@type\":\"WebSite\",\"@id\":\"https:\/\/bundibus.com\/#website\",\"url\":\"https:\/\/bundibus.com\/\",\"name\":\"BundiBUS\",\"description\":\"Tech Startup Website\",\"potentialAction\":[{\"@type\":\"SearchAction\",\"target\":{\"@type\":\"EntryPoint\",\"urlTemplate\":\"https:\/\/bundibus.com\/?s={search_term_string}\"},\"query-input\":\"required name=search_term_string\"}],\"inLanguage\":\"en-US\"},{\"@type\":\"WebPage\",\"@id\":\"https:\/\/bundibus.com\/en\/privacy-and-cookies-policy\/#webpage\",\"url\":\"https:\/\/bundibus.com\/en\/privacy-and-cookies-policy\/\",\"name\":\"Privacy and cookies policy - BundiBUS\",\"isPartOf\":{\"@id\":\"https:\/\/bundibus.com\/#website\"},\"datePublished\":\"2019-06-18T23:02:05+00:00\",\"dateModified\":\"2021-10-12T20:06:46+00:00\",\"breadcrumb\":{\"@id\":\"https:\/\/bundibus.com\/en\/privacy-and-cookies-policy\/#breadcrumb\"},\"inLanguage\":\"en-US\",\"potentialAction\":[{\"@type\":\"ReadAction\",\"target\":[\"https:\/\/bundibus.com\/en\/privacy-and-cookies-policy\/\"]}]},{\"@type\":\"BreadcrumbList\",\"@id\":\"https:\/\/bundibus.com\/en\/privacy-and-cookies-policy\/#breadcrumb\",\"itemListElement\":[{\"@type\":\"ListItem\",\"position\":1,\"name\":\"Portada\",\"item\":\"https:\/\/bundibus.com\/en\/\"},{\"@type\":\"ListItem\",\"position\":2,\"name\":\"Privacy and cookies policy\"}]}]}<\/script>\n<!-- \/ Yoast SEO plugin. -->","yoast_head_json":{"title":"Privacy and cookies policy - BundiBUS","robots":{"index":"index","follow":"follow","max-snippet":"max-snippet:-1","max-image-preview":"max-image-preview:large","max-video-preview":"max-video-preview:-1"},"canonical":"https:\/\/bundibus.com\/en\/privacy-and-cookies-policy\/","og_locale":"en_US","og_type":"article","og_title":"Privacy and cookies policy - BundiBUS","og_description":"LSSI Aviso legal y privacidad 1. Pol\u00edtica de Privacidad y Seguridad La siguiente informaci\u00f3n sobre nuestra Pol\u00edtica de Privacidad refleja el compromiso de BUNDIBUS\u2122 por mantener y garantizar relaciones comerciales seguras mediante la protecci\u00f3n de los datos personales, garantizando el derecho a la privacidad de cada uno de los usuarios de nuestros servicios. 2. Responsable [&hellip;]","og_url":"https:\/\/bundibus.com\/en\/privacy-and-cookies-policy\/","og_site_name":"BundiBUS","article_modified_time":"2021-10-12T20:06:46+00:00","twitter_card":"summary_large_image","twitter_misc":{"Est. reading time":"5 minutes"},"schema":{"@context":"https:\/\/schema.org","@graph":[{"@type":"WebSite","@id":"https:\/\/bundibus.com\/#website","url":"https:\/\/bundibus.com\/","name":"BundiBUS","description":"Tech Startup Website","potentialAction":[{"@type":"SearchAction","target":{"@type":"EntryPoint","urlTemplate":"https:\/\/bundibus.com\/?s={search_term_string}"},"query-input":"required name=search_term_string"}],"inLanguage":"en-US"},{"@type":"WebPage","@id":"https:\/\/bundibus.com\/en\/privacy-and-cookies-policy\/#webpage","url":"https:\/\/bundibus.com\/en\/privacy-and-cookies-policy\/","name":"Privacy and cookies policy - BundiBUS","isPartOf":{"@id":"https:\/\/bundibus.com\/#website"},"datePublished":"2019-06-18T23:02:05+00:00","dateModified":"2021-10-12T20:06:46+00:00","breadcrumb":{"@id":"https:\/\/bundibus.com\/en\/privacy-and-cookies-policy\/#breadcrumb"},"inLanguage":"en-US","potentialAction":[{"@type":"ReadAction","target":["https:\/\/bundibus.com\/en\/privacy-and-cookies-policy\/"]}]},{"@type":"BreadcrumbList","@id":"https:\/\/bundibus.com\/en\/privacy-and-cookies-policy\/#breadcrumb","itemListElement":[{"@type":"ListItem","position":1,"name":"Portada","item":"https:\/\/bundibus.com\/en\/"},{"@type":"ListItem","position":2,"name":"Privacy and cookies policy"}]}]}},"_links":{"self":[{"href":"https:\/\/bundibus.com\/en\/wp-json\/wp\/v2\/pages\/1174"}],"collection":[{"href":"https:\/\/bundibus.com\/en\/wp-json\/wp\/v2\/pages"}],"about":[{"href":"https:\/\/bundibus.com\/en\/wp-json\/wp\/v2\/types\/page"}],"author":[{"embeddable":true,"href":"https:\/\/bundibus.com\/en\/wp-json\/wp\/v2\/users\/1"}],"replies":[{"embeddable":true,"href":"https:\/\/bundibus.com\/en\/wp-json\/wp\/v2\/comments?post=1174"}],"version-history":[{"count":4,"href":"https:\/\/bundibus.com\/en\/wp-json\/wp\/v2\/pages\/1174\/revisions"}],"predecessor-version":[{"id":1178,"href":"https:\/\/bundibus.com\/en\/wp-json\/wp\/v2\/pages\/1174\/revisions\/1178"}],"wp:attachment":[{"href":"https:\/\/bundibus.com\/en\/wp-json\/wp\/v2\/media?parent=1174"}],"curies":[{"name":"wp","href":"https:\/\/api.w.org\/{rel}","templated":true}]}}